{"id":241,"date":"2015-07-14T17:34:37","date_gmt":"2015-01-21T23:09:41","guid":{"rendered":"http:\/\/www.casasoares.pt\/WP\/?page_id=241"},"modified":"2015-07-06T01:32:12","modified_gmt":"2015-07-06T01:32:12","slug":"a-casa","status":"publish","type":"page","link":"https:\/\/www.casasoares.pt\/?page_id=241","title":{"rendered":"a casa"},"content":{"rendered":"<p>Com registos do ano de 1717 no Livro de Apega\u00e7\u00f5es do Convento de Santo Agostinho da Serra de Vila Nova de Gaia, e em que alguns terrenos j\u00e1 haviam sido referenciados no Tombo do Passal da Igreja de Milheir\u00f3s em 1544, a Casa Soares encontra-se edificada no lugar de Milheir\u00f3s, da freguesia de Milheir\u00f3s de Poiares do concelho de Santa Maria da Feira. Apesar de os registos remontarem ao s\u00e9c. XVI, s\u00f3 a partir de 1783 s\u00e3o conhecidas refer\u00eancias \u00e0 resid\u00eancia de um elemento da fam\u00edlia Soares, Jo\u00e3o Soares, que ter\u00e1 casado e a\u00ed residido.<\/p>\n<p>Com a guerra civil entre D. Pedro e D. Miguel, em 1832, D. Pedro IV encerrou todos os conventos, apropriando-se de todos os bens dos mosteiros. Foi ent\u00e3o que a 13 de Janeiro de 1840, Bernardo Soares, filho de Jo\u00e3o Soares, ter\u00e1 adquirido os terrenos e a casa, que passaria a ser conhecida, at\u00e9 \u00e0 actualidade, como Casa Soares. Casa onde viveram 5 gera\u00e7\u00f5es e onde, em Junho de 1906, nasceu D. Sebasti\u00e3o Soares de Resende, primeiro Bispo da Beira (Mo\u00e7ambique). Actualmente, por heran\u00e7a familiar, a Casa Soares pertence ao promotor da presente candidatura que por ter l\u00e1 residido e por ser conhecedor das suas hist\u00f3rias tem uma forte liga\u00e7\u00e3o afectiva \u00e0 mesma, \u00a0possuindo o enorme desejo de a preservar.<\/p>\n","protected":false},"excerpt":{"rendered":"<p>Com registos do ano de 1717 no Livro de Apega\u00e7\u00f5es do Convento de Santo Agostinho da Serra de Vila Nova de Gaia, e em que alguns terrenos j\u00e1 haviam sido referenciados no Tombo do Passal da Igreja de Milheir\u00f3s em 1544, a Casa Soares encontra-se edificada no lugar de Milheir\u00f3s,<a href=\"https:\/\/www.casasoares.pt\/?page_id=241\"> [ler mais]<\/a><\/p>\n","protected":false},"author":1,"featured_media":0,"parent":0,"menu_order":0,"comment_status":"closed","ping_status":"closed","template":"template-service-listing.php","meta":{"footnotes":""},"class_list":["post-241","page","type-page","status-publish","hentry"],"_links":{"self":[{"href":"https:\/\/www.casasoares.pt\/index.php?rest_route=\/wp\/v2\/pages\/241","targetHints":{"allow":["GET"]}}],"collection":[{"href":"https:\/\/www.casasoares.pt\/index.php?rest_route=\/wp\/v2\/pages"}],"about":[{"href":"https:\/\/www.casasoares.pt\/index.php?rest_route=\/wp\/v2\/types\/page"}],"author":[{"embeddable":true,"href":"https:\/\/www.casasoares.pt\/index.php?rest_route=\/wp\/v2\/users\/1"}],"replies":[{"embeddable":true,"href":"https:\/\/www.casasoares.pt\/index.php?rest_route=%2Fwp%2Fv2%2Fcomments&post=241"}],"version-history":[{"count":5,"href":"https:\/\/www.casasoares.pt\/index.php?rest_route=\/wp\/v2\/pages\/241\/revisions"}],"predecessor-version":[{"id":296,"href":"https:\/\/www.casasoares.pt\/index.php?rest_route=\/wp\/v2\/pages\/241\/revisions\/296"}],"wp:attachment":[{"href":"https:\/\/www.casasoares.pt\/index.php?rest_route=%2Fwp%2Fv2%2Fmedia&parent=241"}],"curies":[{"name":"wp","href":"https:\/\/api.w.org\/{rel}","templated":true}]}}